{"id":1227,"date":"2025-08-25T12:57:59","date_gmt":"2025-08-25T12:57:59","guid":{"rendered":"https:\/\/www.secretumgardae.com\/?page_id=1227"},"modified":"2025-10-31T16:03:41","modified_gmt":"2025-10-31T16:03:41","slug":"chi-siamo","status":"publish","type":"page","link":"https:\/\/www.secretumgardae.com\/en\/chi-siamo\/","title":{"rendered":"Chi siamo"},"content":{"rendered":"<div data-elementor-type=\"wp-page\" data-elementor-id=\"1227\" class=\"elementor elementor-1227\" data-elementor-post-type=\"page\">\n\t\t\t\t<div class=\"elementor-element elementor-element-b8ae9a0 e-con-full e-flex elementor-invisible e-con e-parent\" data-id=\"b8ae9a0\" data-element_type=\"container\" data-e-type=\"container\" data-settings=\"{&quot;animation&quot;:&quot;fadeIn&quot;,&quot;background_background&quot;:&quot;classic&quot;}\">\n\t\t<div class=\"elementor-element elementor-element-f19fa9e e-con-full e-flex elementor-invisible e-con e-child\" data-id=\"f19fa9e\" data-element_type=\"container\" data-e-type=\"container\" data-settings=\"{&quot;animation&quot;:&quot;fadeIn&quot;,&quot;animation_delay&quot;:100,&quot;background_background&quot;:&quot;classic&quot;}\">\n\t\t\t\t<div class=\"elementor-element elementor-element-7c63086 elementor-invisible elementor-widget elementor-widget-heading\" data-id=\"7c63086\" data-element_type=\"widget\" data-e-type=\"widget\" data-settings=\"{&quot;_animation&quot;:&quot;fadeIn&quot;,&quot;_animation_delay&quot;:500}\" data-widget_type=\"heading.default\">\n\t\t\t\t<div class=\"elementor-widget-container\">\n\t\t\t\t\t<h1 class=\"elementor-heading-title elementor-size-default\">Dall\u2019amore per il Garda al servizio della tua bellezza<\/h1>\t\t\t\t<\/div>\n\t\t\t\t<\/div>\n\t\t\t\t<\/div>\n\t\t\t\t<\/div>\n\t\t<div class=\"elementor-element elementor-element-5fa586f e-con-full e-flex e-con e-parent\" data-id=\"5fa586f\" data-element_type=\"container\" data-e-type=\"container\" data-settings=\"{&quot;background_background&quot;:&quot;gradient&quot;}\">\n\t\t<div class=\"elementor-element elementor-element-f92f8d3 e-con-full e-flex e-con e-child\" data-id=\"f92f8d3\" data-element_type=\"container\" data-e-type=\"container\">\n\t\t\t\t<div class=\"elementor-element elementor-element-e69f3bc elementor-invisible elementor-widget elementor-widget-heading\" data-id=\"e69f3bc\" data-element_type=\"widget\" data-e-type=\"widget\" data-settings=\"{&quot;_animation&quot;:&quot;fadeIn&quot;,&quot;_animation_delay&quot;:500}\" data-widget_type=\"heading.default\">\n\t\t\t\t<div class=\"elementor-widget-container\">\n\t\t\t\t\t<h2 class=\"elementor-heading-title elementor-size-default\">SCOPRI LA NOSTRA AVVENTURA<\/h2>\t\t\t\t<\/div>\n\t\t\t\t<\/div>\n\t\t\t\t<div class=\"elementor-element elementor-element-b5ed5ef elementor-invisible elementor-widget elementor-widget-text-editor\" data-id=\"b5ed5ef\" data-element_type=\"widget\" data-e-type=\"widget\" data-settings=\"{&quot;_animation&quot;:&quot;fadeIn&quot;,&quot;_animation_delay&quot;:200}\" data-widget_type=\"text-editor.default\">\n\t\t\t\t<div class=\"elementor-widget-container\">\n\t\t\t\t\t\t\t\t\t<p data-pm-slice=\"0 0 []\">L\u2019avventura\u00a0Secretum Gardae\u00a0ha avuto inizio un po\u2019 per caso e non poco per destino, come le storie pi\u00f9 belle. Ha preso il via da ricordi d\u2019infanzia, passioni cosmetiche ed entusiasmanti scoperte. Si \u00e8 rinnovata poi tra luoghi, tradizioni e le segrete bellezze del Garda, dove la natura \u00e8 sposa e maestra.<br \/>Sono seguiti anni d\u2019indagini sulle benefiche materie prime delle sponde del lago: eravamo certi fossero complici e custodi della lunga, lieta vita dei suoi abitanti, di cure d\u2019antica bellezza. Avevamo ragione. Ed \u00e8 cos\u00ec che ha avuto pieno compimento il progetto \u201cSecretum Gardae\u201d.<br \/>Professioniste di spicco si sono dimostrate da subito entusiaste di racchiudere le nuove scoperte in sieri viso dai sorprendenti risultati. Altri anni di studio e infiniti miglioramenti si sono susseguiti: ogni prodotto doveva essere la perfetta sintesi tra innovativa ingegneria cosmetica e antichi segreti della natura.<br \/>Mentre i primi risultati prendevano vita, Secretum Gardae andava coinvolgendo nuove professionalit\u00e0 e svariati esperti: tutti convinti che scienza e amore per la natura offrissero l\u2019un l\u2019altra innovative potenzialit\u00e0.<br \/>A confermarlo i nostri primi quattro, eccezionali sieri viso:<br \/><a href=\"https:\/\/www.secretumgardae.com\/en\/product\/aqua-v\/\">\u0102QUA V<\/a>, <a href=\"https:\/\/www.secretumgardae.com\/en\/product\/oleum\/\">\u014eL\u0114UM<\/a>, <a href=\"https:\/\/www.secretumgardae.com\/en\/product\/puritas\/\">P\u016aRIT\u0100S<\/a> e <a href=\"https:\/\/www.secretumgardae.com\/en\/product\/vitalitas\/\">V\u012aT\u0100LIT\u0100S<\/a>.<\/p>\t\t\t\t\t\t\t\t<\/div>\n\t\t\t\t<\/div>\n\t\t\t\t<\/div>\n\t\t\t\t<\/div>\n\t\t<div class=\"elementor-element elementor-element-297a145 e-con-full e-transform e-flex e-con e-parent\" data-id=\"297a145\" data-element_type=\"container\" data-e-type=\"container\" data-settings=\"{&quot;_transform_translateX_effect&quot;:{&quot;unit&quot;:&quot;%&quot;,&quot;size&quot;:&quot;&quot;,&quot;sizes&quot;:[]},&quot;_transform_translateX_effect_tablet&quot;:{&quot;unit&quot;:&quot;%&quot;,&quot;size&quot;:&quot;&quot;,&quot;sizes&quot;:[]},&quot;_transform_translateX_effect_mobile&quot;:{&quot;unit&quot;:&quot;%&quot;,&quot;size&quot;:&quot;&quot;,&quot;sizes&quot;:[]},&quot;_transform_translateY_effect&quot;:{&quot;unit&quot;:&quot;px&quot;,&quot;size&quot;:&quot;&quot;,&quot;sizes&quot;:[]},&quot;_transform_translateY_effect_tablet&quot;:{&quot;unit&quot;:&quot;px&quot;,&quot;size&quot;:&quot;&quot;,&quot;sizes&quot;:[]},&quot;_transform_translateY_effect_mobile&quot;:{&quot;unit&quot;:&quot;px&quot;,&quot;size&quot;:&quot;&quot;,&quot;sizes&quot;:[]}}\">\n\t\t<div class=\"elementor-element elementor-element-5985561 e-con-full e-flex elementor-invisible e-con e-child\" data-id=\"5985561\" data-element_type=\"container\" data-e-type=\"container\" data-settings=\"{&quot;background_background&quot;:&quot;classic&quot;,&quot;animation&quot;:&quot;fadeInLeft&quot;}\">\n\t\t<div class=\"elementor-element elementor-element-bb04819 e-con-full e-flex e-con e-child\" data-id=\"bb04819\" data-element_type=\"container\" data-e-type=\"container\" data-settings=\"{&quot;background_background&quot;:&quot;classic&quot;}\">\n\t\t\t\t<div class=\"elementor-element elementor-element-24e4df8 elementor-widget elementor-widget-heading\" data-id=\"24e4df8\" data-element_type=\"widget\" data-e-type=\"widget\" data-widget_type=\"heading.default\">\n\t\t\t\t<div class=\"elementor-widget-container\">\n\t\t\t\t\t<h2 class=\"elementor-heading-title elementor-size-default\">UN INTERO TERRITORIO E TANTE ANIME NEI PRODOTTI SECRETUM GARDAE<\/h2>\t\t\t\t<\/div>\n\t\t\t\t<\/div>\n\t\t\t\t<div class=\"elementor-element elementor-element-babf304 elementor-widget elementor-widget-text-editor\" data-id=\"babf304\" data-element_type=\"widget\" data-e-type=\"widget\" data-widget_type=\"text-editor.default\">\n\t\t\t\t<div class=\"elementor-widget-container\">\n\t\t\t\t\t\t\t\t\t<p data-pm-slice=\"0 0 []\">Ricercatrici appassionate di cosmesi e benessere. La collaborazione dell\u2019Universit\u00e0 di Ferrara, consulenti agronomi e amanti della natura. Tutti uniti per creare qualcosa di assolutamente nuovo e unico. Una promessa divenuta realt\u00e0.<\/p><p>L\u2019avventura di Secretum Gardae non sarebbe stata la stessa senza il contributo di quanti da anni si battono per mantenere la qualit\u00e0 dei prodotti gardesani a livelli d\u2019indiscussa eccellenza. Sul lago l\u2019amore per le proprie origini e i doni della terra \u00e8 radicato nel Dna della sua gente. Moltissimi produttori sono eredi di tradizioni centenarie e si fanno araldi dei suoi antichi saperi.<\/p><p>L\u2019acqua, base di vita e dei nostri prodotti, sgorga da sorgenti protette in un territorio incontaminato. Naturalmente pura, nel processo di trattamento ogni attenzione \u00e8 volta a mantenere inalterate le medesime caratteristiche del suo antico bacino glaciale. Non di meno sono le attenzioni per ogni frutto biologico, per fiori, profumazioni, estratti.<\/p>\t\t\t\t\t\t\t\t<\/div>\n\t\t\t\t<\/div>\n\t\t\t\t<div class=\"elementor-element elementor-element-5820683 elementor-align-left linknosub elementor-mobile-align-justify elementor-tablet-align-justify elementor-widget elementor-widget-button\" data-id=\"5820683\" data-element_type=\"widget\" data-e-type=\"widget\" data-widget_type=\"button.default\">\n\t\t\t\t<div class=\"elementor-widget-container\">\n\t\t\t\t\t\t\t\t\t<div class=\"elementor-button-wrapper\">\n\t\t\t\t\t<a class=\"elementor-button elementor-button-link elementor-size-sm\" href=\"https:\/\/www.secretumgardae.com\/en\/filosofia-formulativa\/\">\n\t\t\t\t\t\t<span class=\"elementor-button-content-wrapper\">\n\t\t\t\t\t\t\t\t\t<span class=\"elementor-button-text\">SCOPRI LA NOSTRA FILOSOFIA FORMULATIVA<\/span>\n\t\t\t\t\t<\/span>\n\t\t\t\t\t<\/a>\n\t\t\t\t<\/div>\n\t\t\t\t\t\t\t\t<\/div>\n\t\t\t\t<\/div>\n\t\t\t\t<\/div>\n\t\t\t\t<\/div>\n\t\t<div class=\"elementor-element elementor-element-3971ef4 e-con-full e-flex elementor-invisible e-con e-child\" data-id=\"3971ef4\" data-element_type=\"container\" data-e-type=\"container\" data-settings=\"{&quot;animation&quot;:&quot;fadeInRight&quot;}\">\n\t\t<div class=\"elementor-element elementor-element-af1bb65 e-con-full e-flex e-con e-child\" data-id=\"af1bb65\" data-element_type=\"container\" data-e-type=\"container\" data-settings=\"{&quot;background_background&quot;:&quot;classic&quot;}\">\n\t\t<div class=\"elementor-element elementor-element-4ecac1b e-con-full e-flex elementor-invisible e-con e-child\" data-id=\"4ecac1b\" data-element_type=\"container\" data-e-type=\"container\" data-settings=\"{&quot;animation&quot;:&quot;fadeInDown&quot;,&quot;animation_delay&quot;:500}\">\n\t\t\t\t<\/div>\n\t\t<div class=\"elementor-element elementor-element-8e6020d e-con-full elementor-hidden-mobile e-flex e-con e-child\" data-id=\"8e6020d\" data-element_type=\"container\" data-e-type=\"container\">\n\t\t\t\t<\/div>\n\t\t\t\t<\/div>\n\t\t\t\t<\/div>\n\t\t\t\t<\/div>\n\t\t<div class=\"elementor-element elementor-element-665e8f1 e-con-full e-transform e-flex e-con e-parent\" data-id=\"665e8f1\" data-element_type=\"container\" data-e-type=\"container\" data-settings=\"{&quot;_transform_translateX_effect&quot;:{&quot;unit&quot;:&quot;%&quot;,&quot;size&quot;:&quot;&quot;,&quot;sizes&quot;:[]},&quot;_transform_translateX_effect_tablet&quot;:{&quot;unit&quot;:&quot;%&quot;,&quot;size&quot;:&quot;&quot;,&quot;sizes&quot;:[]},&quot;_transform_translateX_effect_mobile&quot;:{&quot;unit&quot;:&quot;%&quot;,&quot;size&quot;:&quot;&quot;,&quot;sizes&quot;:[]},&quot;_transform_translateY_effect&quot;:{&quot;unit&quot;:&quot;px&quot;,&quot;size&quot;:&quot;&quot;,&quot;sizes&quot;:[]},&quot;_transform_translateY_effect_tablet&quot;:{&quot;unit&quot;:&quot;px&quot;,&quot;size&quot;:&quot;&quot;,&quot;sizes&quot;:[]},&quot;_transform_translateY_effect_mobile&quot;:{&quot;unit&quot;:&quot;px&quot;,&quot;size&quot;:&quot;&quot;,&quot;sizes&quot;:[]}}\">\n\t\t<div class=\"elementor-element elementor-element-cf37ef9 e-con-full e-flex e-con e-child\" data-id=\"cf37ef9\" data-element_type=\"container\" data-e-type=\"container\" data-settings=\"{&quot;background_background&quot;:&quot;classic&quot;}\">\n\t\t<div class=\"elementor-element elementor-element-402473d e-con-full e-flex elementor-invisible e-con e-child\" data-id=\"402473d\" data-element_type=\"container\" data-e-type=\"container\" data-settings=\"{&quot;background_background&quot;:&quot;classic&quot;,&quot;animation&quot;:&quot;fadeInRight&quot;}\">\n\t\t\t\t<div class=\"elementor-element elementor-element-fa5f70e elementor-widget elementor-widget-heading\" data-id=\"fa5f70e\" data-element_type=\"widget\" data-e-type=\"widget\" data-widget_type=\"heading.default\">\n\t\t\t\t<div class=\"elementor-widget-container\">\n\t\t\t\t\t<h2 class=\"elementor-heading-title elementor-size-default\">UN LABORATORIO DI VERA MAGIA<\/h2>\t\t\t\t<\/div>\n\t\t\t\t<\/div>\n\t\t\t\t<div class=\"elementor-element elementor-element-b82f120 elementor-widget elementor-widget-text-editor\" data-id=\"b82f120\" data-element_type=\"widget\" data-e-type=\"widget\" data-widget_type=\"text-editor.default\">\n\t\t\t\t<div class=\"elementor-widget-container\">\n\t\t\t\t\t\t\t\t\t<p data-pm-slice=\"0 0 []\">Con le nostre formulatrici di fiducia abbiamo selezionato il Laboratorio che per struttura, tecnologia e competenze, pi\u00f9 si confacesse all\u2019obiettivo di prodotti di prim\u2019ordine ad elevatissima e garantita qualit\u00e0. Uno spazio innovativo e interattivo in cui valori etici e sostenibilit\u00e0 incontrano il costante monitoraggio di tutti i parametri e trattamenti chimico-fisici, microbiologici od oganolettici.<\/p><p data-pm-slice=\"0 0 []\">Tutto questo, per\u00f2, non voleva disperdere quell\u2019entusiasmo, consapevolezza e voglia di sognare che sono il valore aggiunto di Secretum Gardae. Abbiamo cos\u00ec deciso, non solo per una produzione 100% Made in Italy, ma di continuare a vivere e lavorare a stretto contatto col \u201cnostro lago\u201d, con la profonda bellezza storica, paesaggistica e naturale che ogni giorno ispira il nostro fare, ogni giorno rinnova per noi (e per voi) la \u201cmagia\u201d di Secretum Gardae.<\/p>\t\t\t\t\t\t\t\t<\/div>\n\t\t\t\t<\/div>\n\t\t\t\t<div class=\"elementor-element elementor-element-3af4cee elementor-align-left linknosub elementor-mobile-align-justify elementor-tablet-align-justify elementor-widget elementor-widget-button\" data-id=\"3af4cee\" data-element_type=\"widget\" data-e-type=\"widget\" data-widget_type=\"button.default\">\n\t\t\t\t<div class=\"elementor-widget-container\">\n\t\t\t\t\t\t\t\t\t<div class=\"elementor-button-wrapper\">\n\t\t\t\t\t<a class=\"elementor-button elementor-button-link elementor-size-sm\" href=\"https:\/\/www.secretumgardae.com\/en\/ingredienti-attivi\/\">\n\t\t\t\t\t\t<span class=\"elementor-button-content-wrapper\">\n\t\t\t\t\t\t\t\t\t<span class=\"elementor-button-text\">SCOPRI I NOSTRI INGREDIENTI ATTIVI<\/span>\n\t\t\t\t\t<\/span>\n\t\t\t\t\t<\/a>\n\t\t\t\t<\/div>\n\t\t\t\t\t\t\t\t<\/div>\n\t\t\t\t<\/div>\n\t\t\t\t<\/div>\n\t\t\t\t<\/div>\n\t\t<div class=\"elementor-element elementor-element-1f3278b e-con-full e-flex e-con e-child\" data-id=\"1f3278b\" data-element_type=\"container\" data-e-type=\"container\">\n\t\t<div class=\"elementor-element elementor-element-e6104c8 e-con-full e-flex elementor-invisible e-con e-child\" data-id=\"e6104c8\" data-element_type=\"container\" data-e-type=\"container\" data-settings=\"{&quot;background_background&quot;:&quot;classic&quot;,&quot;animation&quot;:&quot;fadeInLeft&quot;}\">\n\t\t<div class=\"elementor-element elementor-element-0538abf e-con-full e-flex elementor-invisible e-con e-child\" data-id=\"0538abf\" data-element_type=\"container\" data-e-type=\"container\" data-settings=\"{&quot;animation&quot;:&quot;fadeInUp&quot;,&quot;animation_delay&quot;:500}\">\n\t\t\t\t<\/div>\n\t\t<div class=\"elementor-element elementor-element-a0c66e8 e-con-full elementor-hidden-mobile e-flex e-con e-child\" data-id=\"a0c66e8\" data-element_type=\"container\" data-e-type=\"container\">\n\t\t\t\t<\/div>\n\t\t\t\t<\/div>\n\t\t\t\t<\/div>\n\t\t\t\t<\/div>\n\t\t<div class=\"elementor-element elementor-element-79bf70c e-con-full e-transform e-flex e-con e-parent\" data-id=\"79bf70c\" data-element_type=\"container\" data-e-type=\"container\" data-settings=\"{&quot;_transform_translateX_effect&quot;:{&quot;unit&quot;:&quot;%&quot;,&quot;size&quot;:&quot;&quot;,&quot;sizes&quot;:[]},&quot;_transform_translateX_effect_tablet&quot;:{&quot;unit&quot;:&quot;%&quot;,&quot;size&quot;:&quot;&quot;,&quot;sizes&quot;:[]},&quot;_transform_translateX_effect_mobile&quot;:{&quot;unit&quot;:&quot;%&quot;,&quot;size&quot;:&quot;&quot;,&quot;sizes&quot;:[]},&quot;background_background&quot;:&quot;gradient&quot;,&quot;_transform_translateY_effect&quot;:{&quot;unit&quot;:&quot;px&quot;,&quot;size&quot;:&quot;&quot;,&quot;sizes&quot;:[]},&quot;_transform_translateY_effect_tablet&quot;:{&quot;unit&quot;:&quot;px&quot;,&quot;size&quot;:&quot;&quot;,&quot;sizes&quot;:[]},&quot;_transform_translateY_effect_mobile&quot;:{&quot;unit&quot;:&quot;px&quot;,&quot;size&quot;:&quot;&quot;,&quot;sizes&quot;:[]}}\">\n\t\t<div class=\"elementor-element elementor-element-f4c4563 e-con-full e-flex e-con e-child\" data-id=\"f4c4563\" data-element_type=\"container\" data-e-type=\"container\">\n\t\t\t\t<div class=\"elementor-element elementor-element-e301c70 elementor-invisible elementor-widget elementor-widget-heading\" data-id=\"e301c70\" data-element_type=\"widget\" data-e-type=\"widget\" data-settings=\"{&quot;_animation&quot;:&quot;fadeIn&quot;,&quot;_animation_delay&quot;:100}\" data-widget_type=\"heading.default\">\n\t\t\t\t<div class=\"elementor-widget-container\">\n\t\t\t\t\t<h2 class=\"elementor-heading-title elementor-size-default\">SECRETUM GARDAE \u00c8 \u201cIN TITULO ET IN PIXIDE\u201d<\/h2>\t\t\t\t<\/div>\n\t\t\t\t<\/div>\n\t\t\t\t<div class=\"elementor-element elementor-element-488ba8b elementor-invisible elementor-widget elementor-widget-text-editor\" data-id=\"488ba8b\" data-element_type=\"widget\" data-e-type=\"widget\" data-settings=\"{&quot;_animation&quot;:&quot;fadeIn&quot;,&quot;_animation_delay&quot;:200}\" data-widget_type=\"text-editor.default\">\n\t\t\t\t<div class=\"elementor-widget-container\">\n\t\t\t\t\t\t\t\t\t<p data-pm-slice=\"0 0 []\">\u00c8 questo motto che ci ha ispirati e che parla di noi: \u201cci\u00f2 che \u00e8 nei nostri testi, che \u00e8 riportato sui nostri prodotti, \u00e8 quanto davvero troverai nel contenuto\u201d, una dichiarazione d\u2019intenti che gi\u00e0 gli antichi romani e abitanti del Garda ritenevano sacra (come il valore della parola data).<br \/>La stessa fiducia la offriamo e pretendiamo dai nostri fornitori. Per questo scegliere un siero viso Secretum Gardae significa garanzia assoluta di trasparenza e qualit\u00e0.<\/p>\t\t\t\t\t\t\t\t<\/div>\n\t\t\t\t<\/div>\n\t\t\t\t<\/div>\n\t\t<div class=\"elementor-element elementor-element-f560d26 e-con-full e-flex e-con e-child\" data-id=\"f560d26\" data-element_type=\"container\" data-e-type=\"container\" data-settings=\"{&quot;background_background&quot;:&quot;classic&quot;}\">\n\t\t<div class=\"elementor-element elementor-element-0b886f7 e-con-full e-flex elementor-invisible e-con e-child\" data-id=\"0b886f7\" data-element_type=\"container\" data-e-type=\"container\" data-settings=\"{&quot;background_background&quot;:&quot;classic&quot;,&quot;animation&quot;:&quot;fadeIn&quot;,&quot;animation_delay&quot;:500}\">\n\t\t\t\t<\/div>\n\t\t\t\t<\/div>\n\t\t<div class=\"elementor-element elementor-element-d2cab42 e-con-full e-flex e-con e-child\" data-id=\"d2cab42\" data-element_type=\"container\" data-e-type=\"container\">\n\t\t<div class=\"elementor-element elementor-element-669645c e-con-full giustifica-paragrafo e-flex e-con e-child\" data-id=\"669645c\" data-element_type=\"container\" data-e-type=\"container\">\n\t\t\t\t<div class=\"elementor-element elementor-element-ad8920d elementor-blockquote--skin-quotation elementor-widget__width-initial elementor-widget-tablet__width-inherit elementor-widget-mobile__width-inherit elementor-widget elementor-widget-blockquote\" data-id=\"ad8920d\" data-element_type=\"widget\" data-e-type=\"widget\" data-widget_type=\"blockquote.default\">\n\t\t\t\t<div class=\"elementor-widget-container\">\n\t\t\t\t\t\t\t<blockquote class=\"elementor-blockquote\">\n\t\t\t<p class=\"elementor-blockquote__content\">\n\t\t\t\tI pi\u00f9 recenti studi e le novit\u00e0 della chimica, l\u2019ingegneria dei materiali, ogni pi\u00f9 innovativa soluzione offerta al progresso cosmetico: tutto questo ha fatto il paio con la passione e l\u2019entusiasmo di sperimentare nuove frontiere. Secretum Gardae ha messo in condivisione pluridecennali esperienze di ricerca e laboratorio in un emozionante viaggio di scoperta e innovazione che valorizzasse il nostro know how proiettandolo al futuro.\t\t\t<\/p>\n\t\t\t\t\t<\/blockquote>\n\t\t\t\t\t\t<\/div>\n\t\t\t\t<\/div>\n\t\t\t\t<div class=\"elementor-element elementor-element-f033349 elementor-blockquote--skin-quotation elementor-widget__width-initial elementor-widget-tablet__width-inherit elementor-widget-mobile__width-inherit elementor-widget elementor-widget-blockquote\" data-id=\"f033349\" data-element_type=\"widget\" data-e-type=\"widget\" data-widget_type=\"blockquote.default\">\n\t\t\t\t<div class=\"elementor-widget-container\">\n\t\t\t\t\t\t\t<blockquote class=\"elementor-blockquote\">\n\t\t\t<p class=\"elementor-blockquote__content\">\n\t\t\t\tAvevo sentito parlare delle qualit\u00e0 intrinseche al territorio gardesano, ma senza mai poterle approfondire: con Secretum Gardae abbiamo finalmente potuto indagarne l\u2019acqua sorgiva, riscoprire i pregiati prodotti della terra, studiare e analizzare minerali, piante e fiori. Cos\u00ec abbiamo dischiuso quei segreti di vita e bellezza che da sempre rendono uniche le sue rive.\t\t\t<\/p>\n\t\t\t\t\t<\/blockquote>\n\t\t\t\t\t\t<\/div>\n\t\t\t\t<\/div>\n\t\t\t\t<div class=\"elementor-element elementor-element-017ba8b elementor-blockquote--skin-quotation elementor-widget__width-initial elementor-widget-tablet__width-inherit elementor-widget-mobile__width-inherit elementor-widget elementor-widget-blockquote\" data-id=\"017ba8b\" data-element_type=\"widget\" data-e-type=\"widget\" data-widget_type=\"blockquote.default\">\n\t\t\t\t<div class=\"elementor-widget-container\">\n\t\t\t\t\t\t\t<blockquote class=\"elementor-blockquote\">\n\t\t\t<p class=\"elementor-blockquote__content\">\n\t\t\t\tPerch\u00e9 proprio il Garda? Perch\u00e9 l\u2019antichissima storia, il profondo legame con l\u2019essere umano, l\u2019arte, la cultura, la sua natura rigogliosa sono da sempre sinonimo di ci\u00f2 che rende unica l\u2019Italia. Scorci mozzafiato, uliveti, vigne, boschi incontaminati e polle sorgive d\u2019origine alpina (la cui purezza ha dato origine a leggende di ninfe e driadi), si sposano sul Garda con prodotti della terra di qualit\u00e0 unica. Questo luogo ha assimilato tradizioni millenarie e, ancora, riserva segreti inesplorati. Come la longevit\u00e0 di chi lo abita o le cure di bellezza che hanno attraversato i secoli.\t\t\t<\/p>\n\t\t\t\t\t<\/blockquote>\n\t\t\t\t\t\t<\/div>\n\t\t\t\t<\/div>\n\t\t\t\t<\/div>\n\t\t\t\t<div class=\"elementor-element elementor-element-51faced elementor-align-left linknosub elementor-mobile-align-justify elementor-tablet-align-justify elementor-widget elementor-widget-button\" data-id=\"51faced\" data-element_type=\"widget\" data-e-type=\"widget\" data-widget_type=\"button.default\">\n\t\t\t\t<div class=\"elementor-widget-container\">\n\t\t\t\t\t\t\t\t\t<div class=\"elementor-button-wrapper\">\n\t\t\t\t\t<a class=\"elementor-button elementor-button-link elementor-size-sm\" href=\"https:\/\/www.secretumgardae.com\/en\/i-nostri-sieri-viso\/\">\n\t\t\t\t\t\t<span class=\"elementor-button-content-wrapper\">\n\t\t\t\t\t\t\t\t\t<span class=\"elementor-button-text\">Vai allo shop<\/span>\n\t\t\t\t\t<\/span>\n\t\t\t\t\t<\/a>\n\t\t\t\t<\/div>\n\t\t\t\t\t\t\t\t<\/div>\n\t\t\t\t<\/div>\n\t\t\t\t<\/div>\n\t\t\t\t<\/div>\n\t\t\t\t<\/div>","protected":false},"excerpt":{"rendered":"<p>Dall\u2019amore per il Garda al servizio della tua bellezza SCOPRI LA NOSTRA AVVENTURA L\u2019avventura\u00a0Secretum Gardae\u00a0ha avuto inizio un po\u2019 per caso e non poco per destino, come le storie pi\u00f9 belle. Ha preso il via da ricordi d\u2019infanzia, passioni cosmetiche ed entusiasmanti scoperte. Si \u00e8 rinnovata poi tra luoghi, tradizioni e le segrete bellezze del [&hellip;]<\/p>\n","protected":false},"author":2,"featured_media":0,"parent":0,"menu_order":0,"comment_status":"closed","ping_status":"closed","template":"elementor_header_footer","meta":{"_acf_changed":false,"footnotes":""},"class_list":["post-1227","page","type-page","status-publish","hentry"],"acf":[],"_links":{"self":[{"href":"https:\/\/www.secretumgardae.com\/en\/wp-json\/wp\/v2\/pages\/1227","targetHints":{"allow":["GET"]}}],"collection":[{"href":"https:\/\/www.secretumgardae.com\/en\/wp-json\/wp\/v2\/pages"}],"about":[{"href":"https:\/\/www.secretumgardae.com\/en\/wp-json\/wp\/v2\/types\/page"}],"author":[{"embeddable":true,"href":"https:\/\/www.secretumgardae.com\/en\/wp-json\/wp\/v2\/users\/2"}],"replies":[{"embeddable":true,"href":"https:\/\/www.secretumgardae.com\/en\/wp-json\/wp\/v2\/comments?post=1227"}],"version-history":[{"count":252,"href":"https:\/\/www.secretumgardae.com\/en\/wp-json\/wp\/v2\/pages\/1227\/revisions"}],"predecessor-version":[{"id":3647,"href":"https:\/\/www.secretumgardae.com\/en\/wp-json\/wp\/v2\/pages\/1227\/revisions\/3647"}],"wp:attachment":[{"href":"https:\/\/www.secretumgardae.com\/en\/wp-json\/wp\/v2\/media?parent=1227"}],"curies":[{"name":"wp","href":"https:\/\/api.w.org\/{rel}","templated":true}]}}