{"id":1331,"date":"2025-08-26T08:16:38","date_gmt":"2025-08-26T08:16:38","guid":{"rendered":"https:\/\/www.secretumgardae.com\/?page_id=1331"},"modified":"2025-09-24T11:37:14","modified_gmt":"2025-09-24T11:37:14","slug":"filosofia-formulativa","status":"publish","type":"page","link":"https:\/\/www.secretumgardae.com\/en\/filosofia-formulativa\/","title":{"rendered":"Filosofia Formulativa"},"content":{"rendered":"<div data-elementor-type=\"wp-page\" data-elementor-id=\"1331\" class=\"elementor elementor-1331\" data-elementor-post-type=\"page\">\n\t\t\t\t<div class=\"elementor-element elementor-element-bfd1c18 e-con-full e-flex elementor-invisible e-con e-parent\" data-id=\"bfd1c18\" data-element_type=\"container\" data-e-type=\"container\" data-settings=\"{&quot;animation&quot;:&quot;fadeIn&quot;,&quot;background_background&quot;:&quot;classic&quot;}\">\n\t\t<div class=\"elementor-element elementor-element-28f3c23 e-con-full e-flex elementor-invisible e-con e-child\" data-id=\"28f3c23\" data-element_type=\"container\" data-e-type=\"container\" data-settings=\"{&quot;animation&quot;:&quot;fadeIn&quot;,&quot;animation_delay&quot;:100,&quot;background_background&quot;:&quot;classic&quot;}\">\n\t\t\t\t<div class=\"elementor-element elementor-element-3fda235 elementor-invisible elementor-widget elementor-widget-heading\" data-id=\"3fda235\" data-element_type=\"widget\" data-e-type=\"widget\" data-settings=\"{&quot;_animation&quot;:&quot;fadeIn&quot;,&quot;_animation_delay&quot;:500}\" data-widget_type=\"heading.default\">\n\t\t\t\t<div class=\"elementor-widget-container\">\n\t\t\t\t\t<h1 class=\"elementor-heading-title elementor-size-default\">FORMULE ESCLUSIVE E VIRT\u00d9 NATURALI<\/h1>\t\t\t\t<\/div>\n\t\t\t\t<\/div>\n\t\t\t\t<\/div>\n\t\t\t\t<\/div>\n\t\t<div class=\"elementor-element elementor-element-75e7ade e-con-full e-flex e-con e-parent\" data-id=\"75e7ade\" data-element_type=\"container\" data-e-type=\"container\" data-settings=\"{&quot;background_background&quot;:&quot;gradient&quot;}\">\n\t\t<div class=\"elementor-element elementor-element-b4113e4 e-con-full e-flex e-con e-child\" data-id=\"b4113e4\" data-element_type=\"container\" data-e-type=\"container\" data-settings=\"{&quot;background_background&quot;:&quot;gradient&quot;}\">\n\t\t\t\t<div class=\"elementor-element elementor-element-e0cb544 elementor-invisible elementor-widget elementor-widget-heading\" data-id=\"e0cb544\" data-element_type=\"widget\" data-e-type=\"widget\" data-settings=\"{&quot;_animation&quot;:&quot;fadeIn&quot;,&quot;_animation_delay&quot;:500}\" data-widget_type=\"heading.default\">\n\t\t\t\t<div class=\"elementor-widget-container\">\n\t\t\t\t\t<h2 class=\"elementor-heading-title elementor-size-default\">NATURA CHE INCONTRA AVANZATA TECNOLOGIA<\/h2>\t\t\t\t<\/div>\n\t\t\t\t<\/div>\n\t\t\t\t<div class=\"elementor-element elementor-element-8dfb0bb elementor-invisible elementor-widget elementor-widget-text-editor\" data-id=\"8dfb0bb\" data-element_type=\"widget\" data-e-type=\"widget\" data-settings=\"{&quot;_animation&quot;:&quot;fadeIn&quot;,&quot;_animation_delay&quot;:200}\" data-widget_type=\"text-editor.default\">\n\t\t\t\t<div class=\"elementor-widget-container\">\n\t\t\t\t\t\t\t\t\t<p data-pm-slice=\"1 1 []\">Secretum Gardae \u00e8 raffinata sintesi tra avanzata tecnologia cosmetica, materie prime d\u2019altissimo profilo e i \u201csegreti\u201d di un territorio da fiaba.<br \/>Secretum Gardae \u00e8 prodotti inediti, che arricchiscono la beauty routine di efficacia e piacevolezza. Ogni creazione \u00e8 un\u2019opera d\u2019arte, che combina in modo sinergico e concentrazioni ottimali estratti di piante del territorio con principi attivi hi-tech, fondendo l\u2019infinita saggezza della natura al potenziale innovativo della scienza.<br \/>Il processo produttivo avviene in Italia, in uno stabilimento certificato secondo la ISO 22716. Ogni fase, dall\u2019ingresso delle materie prime fino al prodotto finito, viene costantemente monitorata affinch\u00e9 tutta la filiera rispetti i pi\u00f9 elevati standard di qualit\u00e0. Prima dell\u2019immissione sul mercato ogni prodotto \u00e8 sottoposto a rigorose analisi sensoriali, test dermatologici di tolleranza ed efficacia. Da ogni formula \u00e8 rigorosamente bandito l\u2019utilizzo di parabeni, siliconi, coloranti, derivati petrolchimici, agenti irritanti e non rispettosi dell\u2019ambiente. In conformit\u00e0 con il Regolamento europeo dei Cosmetici, nessuno dei nostri prodotti \u00e8 testato sugli animali.<\/p>\t\t\t\t\t\t\t\t<\/div>\n\t\t\t\t<\/div>\n\t\t\t\t<\/div>\n\t\t\t\t<\/div>\n\t\t<div class=\"elementor-element elementor-element-763e8d5 e-con-full e-transform e-flex e-con e-parent\" data-id=\"763e8d5\" data-element_type=\"container\" data-e-type=\"container\" data-settings=\"{&quot;_transform_translateX_effect&quot;:{&quot;unit&quot;:&quot;%&quot;,&quot;size&quot;:&quot;&quot;,&quot;sizes&quot;:[]},&quot;_transform_translateX_effect_tablet&quot;:{&quot;unit&quot;:&quot;%&quot;,&quot;size&quot;:&quot;&quot;,&quot;sizes&quot;:[]},&quot;_transform_translateX_effect_mobile&quot;:{&quot;unit&quot;:&quot;%&quot;,&quot;size&quot;:&quot;&quot;,&quot;sizes&quot;:[]},&quot;_transform_translateY_effect&quot;:{&quot;unit&quot;:&quot;px&quot;,&quot;size&quot;:&quot;&quot;,&quot;sizes&quot;:[]},&quot;_transform_translateY_effect_tablet&quot;:{&quot;unit&quot;:&quot;px&quot;,&quot;size&quot;:&quot;&quot;,&quot;sizes&quot;:[]},&quot;_transform_translateY_effect_mobile&quot;:{&quot;unit&quot;:&quot;px&quot;,&quot;size&quot;:&quot;&quot;,&quot;sizes&quot;:[]}}\">\n\t\t<div class=\"elementor-element elementor-element-49de514 e-con-full e-flex elementor-invisible e-con e-child\" data-id=\"49de514\" data-element_type=\"container\" data-e-type=\"container\" data-settings=\"{&quot;background_background&quot;:&quot;classic&quot;,&quot;animation&quot;:&quot;fadeInLeft&quot;}\">\n\t\t<div class=\"elementor-element elementor-element-aced892 e-con-full e-flex e-con e-child\" data-id=\"aced892\" data-element_type=\"container\" data-e-type=\"container\" data-settings=\"{&quot;background_background&quot;:&quot;classic&quot;}\">\n\t\t\t\t<div class=\"elementor-element elementor-element-fb7ffe3 elementor-widget elementor-widget-heading\" data-id=\"fb7ffe3\" data-element_type=\"widget\" data-e-type=\"widget\" data-widget_type=\"heading.default\">\n\t\t\t\t<div class=\"elementor-widget-container\">\n\t\t\t\t\t<h2 class=\"elementor-heading-title elementor-size-default\">\nUN ECOSISTEMA DI RIGOROSE ATTENZIONI<\/h2>\t\t\t\t<\/div>\n\t\t\t\t<\/div>\n\t\t\t\t<div class=\"elementor-element elementor-element-77e8064 elementor-widget elementor-widget-text-editor\" data-id=\"77e8064\" data-element_type=\"widget\" data-e-type=\"widget\" data-widget_type=\"text-editor.default\">\n\t\t\t\t<div class=\"elementor-widget-container\">\n\t\t\t\t\t\t\t\t\t<p data-pm-slice=\"0 0 []\">Alla base di ciascun prodotto c\u2019\u00e8 lo studio delle caratteristiche pi\u00f9 efficaci che ogni specifica specie di pianta pu\u00f2 offrire all\u2019azione cosmetica. Tecnici e agronomi stabiliscono il momento perfetto per la raccolta, curano soluzioni e metodi d\u2019estrazione. Ogni attenzione \u00e8 rivolta ad isolare le frazioni maggiormente attive, operare nel massimo rispetto dell\u2019ambiente, ma anche tracciare e custodire le materie prime perch\u00e9 conservino le loro intrinseche, eccezionali qualit\u00e0.<\/p><p>Sensibili al tema dell\u2019economia circolare, guardiamo con grande attenzione anche agli scarti dalla potatura di vitigni ed uliveti, da cui traiamo fitocomplessi di grande efficacia. Oltre agli estratti vegetali, anche l\u2019acqua contenuta nei nostri prodotti \u00e8 un dono prezioso del territorio: dall\u2019antico bacino glaciale del gruppo dell\u2019Adamello. Un\u2019acqua biologicamente pura, che rispetta l\u2019equilibrio cutaneo e che, grazie alla sua ricchezza di minerali e oligoelementi, rappresenta un ulteriore valore aggiunto per tutte le nostre formulazioni.<\/p>\t\t\t\t\t\t\t\t<\/div>\n\t\t\t\t<\/div>\n\t\t\t\t<\/div>\n\t\t\t\t<\/div>\n\t\t<div class=\"elementor-element elementor-element-b0d182a e-con-full e-flex elementor-invisible e-con e-child\" data-id=\"b0d182a\" data-element_type=\"container\" data-e-type=\"container\" data-settings=\"{&quot;animation&quot;:&quot;fadeInRight&quot;}\">\n\t\t<div class=\"elementor-element elementor-element-f22643a e-con-full e-flex e-con e-child\" data-id=\"f22643a\" data-element_type=\"container\" data-e-type=\"container\" data-settings=\"{&quot;background_background&quot;:&quot;classic&quot;}\">\n\t\t<div class=\"elementor-element elementor-element-ffbc1d7 e-con-full e-flex elementor-invisible e-con e-child\" data-id=\"ffbc1d7\" data-element_type=\"container\" data-e-type=\"container\" data-settings=\"{&quot;animation&quot;:&quot;fadeInDown&quot;,&quot;animation_delay&quot;:500}\">\n\t\t\t\t<\/div>\n\t\t<div class=\"elementor-element elementor-element-5b9906a e-con-full elementor-hidden-mobile e-flex e-con e-child\" data-id=\"5b9906a\" data-element_type=\"container\" data-e-type=\"container\">\n\t\t\t\t<\/div>\n\t\t\t\t<\/div>\n\t\t\t\t<\/div>\n\t\t\t\t<\/div>\n\t\t<div class=\"elementor-element elementor-element-058ac27 e-con-full e-transform e-flex e-con e-parent\" data-id=\"058ac27\" data-element_type=\"container\" data-e-type=\"container\" data-settings=\"{&quot;_transform_translateX_effect&quot;:{&quot;unit&quot;:&quot;%&quot;,&quot;size&quot;:&quot;&quot;,&quot;sizes&quot;:[]},&quot;_transform_translateX_effect_tablet&quot;:{&quot;unit&quot;:&quot;%&quot;,&quot;size&quot;:&quot;&quot;,&quot;sizes&quot;:[]},&quot;_transform_translateX_effect_mobile&quot;:{&quot;unit&quot;:&quot;%&quot;,&quot;size&quot;:&quot;&quot;,&quot;sizes&quot;:[]},&quot;background_background&quot;:&quot;gradient&quot;,&quot;_transform_translateY_effect&quot;:{&quot;unit&quot;:&quot;px&quot;,&quot;size&quot;:&quot;&quot;,&quot;sizes&quot;:[]},&quot;_transform_translateY_effect_tablet&quot;:{&quot;unit&quot;:&quot;px&quot;,&quot;size&quot;:&quot;&quot;,&quot;sizes&quot;:[]},&quot;_transform_translateY_effect_mobile&quot;:{&quot;unit&quot;:&quot;px&quot;,&quot;size&quot;:&quot;&quot;,&quot;sizes&quot;:[]}}\">\n\t\t<div class=\"elementor-element elementor-element-9a0eded e-con-full e-flex e-con e-child\" data-id=\"9a0eded\" data-element_type=\"container\" data-e-type=\"container\" data-settings=\"{&quot;background_background&quot;:&quot;classic&quot;}\">\n\t\t<div class=\"elementor-element elementor-element-8d64542 e-con-full e-flex elementor-invisible e-con e-child\" data-id=\"8d64542\" data-element_type=\"container\" data-e-type=\"container\" data-settings=\"{&quot;background_background&quot;:&quot;classic&quot;,&quot;animation&quot;:&quot;fadeInRight&quot;}\">\n\t\t\t\t<div class=\"elementor-element elementor-element-2026ee6 elementor-widget elementor-widget-heading\" data-id=\"2026ee6\" data-element_type=\"widget\" data-e-type=\"widget\" data-widget_type=\"heading.default\">\n\t\t\t\t<div class=\"elementor-widget-container\">\n\t\t\t\t\t<h2 class=\"elementor-heading-title elementor-size-default\">UN APPROCCIO CHE RISPETTA L\u2019AMBIENTE, LE PERSONE, IL FUTURO<\/h2>\t\t\t\t<\/div>\n\t\t\t\t<\/div>\n\t\t\t\t<div class=\"elementor-element elementor-element-4c23e1c elementor-widget elementor-widget-text-editor\" data-id=\"4c23e1c\" data-element_type=\"widget\" data-e-type=\"widget\" data-widget_type=\"text-editor.default\">\n\t\t\t\t<div class=\"elementor-widget-container\">\n\t\t\t\t\t\t\t\t\t<p data-pm-slice=\"0 0 []\">Obiettivo prioritario dell\u2019attivit\u00e0 di Ricerca e Sviluppo di Secretum Gardae e dei suoi consulenti e collaboratori \u00e8 assicurare la migliore sostenibilit\u00e0 ambientale, al contempo realizzando prodotti stabili, sicuri, gradevoli, che garantiscano nel lungo periodo l\u2019elevata efficacia di cui ci fregiamo.<\/p><p>Accanto ai nostri fitoestratti, che perseguono la filosofia del km 0, di valorizzazione del territorio ed economia circolare, utilizziamo materie prime dermoaffini, preferibilmente di derivazione naturale e tecnologia green.<\/p><p>Tutti gli ingredienti delle linee Secretum Gardae, oltre ad esser caratterizzati da un ottimo livello di sostenibilit\u00e0 \u201ca monte\u201d (secondo rigidi criteri di green chemistry), dimostrano anche un positivo impatto \u201ca valle\u201d perch\u00e9 prontamente biodegradabili. Un esempio? Il nostro innovativo complesso di acido ialuronico a 5 pesi molecolari: un attivo biotecnologico prodotto in laboratorio da fermentazione.<\/p><p>La sostenibilit\u00e0 delle nostre formule va di pari passo con la sostenibilit\u00e0 del processo produttivo, che mira al risparmio energetico prediligendo lavorazioni a freddo.<\/p><p>Scegliere Secretum Gardae significa proteggere anche la bellezza dell\u2019ambiente.<\/p>\t\t\t\t\t\t\t\t<\/div>\n\t\t\t\t<\/div>\n\t\t\t\t<div class=\"elementor-element elementor-element-a9a7dff elementor-align-left linknosub elementor-mobile-align-justify elementor-tablet-align-left elementor-widget elementor-widget-button\" data-id=\"a9a7dff\" data-element_type=\"widget\" data-e-type=\"widget\" data-widget_type=\"button.default\">\n\t\t\t\t<div class=\"elementor-widget-container\">\n\t\t\t\t\t\t\t\t\t<div class=\"elementor-button-wrapper\">\n\t\t\t\t\t<a class=\"elementor-button elementor-button-link elementor-size-sm\" href=\"https:\/\/www.secretumgardae.com\/en\/i-nostri-prodotti\/\">\n\t\t\t\t\t\t<span class=\"elementor-button-content-wrapper\">\n\t\t\t\t\t\t\t\t\t<span class=\"elementor-button-text\">Vai allo shop<\/span>\n\t\t\t\t\t<\/span>\n\t\t\t\t\t<\/a>\n\t\t\t\t<\/div>\n\t\t\t\t\t\t\t\t<\/div>\n\t\t\t\t<\/div>\n\t\t\t\t<\/div>\n\t\t\t\t<\/div>\n\t\t<div class=\"elementor-element elementor-element-037888d e-con-full e-flex e-con e-child\" data-id=\"037888d\" data-element_type=\"container\" data-e-type=\"container\">\n\t\t<div class=\"elementor-element elementor-element-93fccfb e-con-full e-flex elementor-invisible e-con e-child\" data-id=\"93fccfb\" data-element_type=\"container\" data-e-type=\"container\" data-settings=\"{&quot;background_background&quot;:&quot;classic&quot;,&quot;animation&quot;:&quot;fadeInLeft&quot;}\">\n\t\t<div class=\"elementor-element elementor-element-f7b1a6c e-con-full e-flex elementor-invisible e-con e-child\" data-id=\"f7b1a6c\" data-element_type=\"container\" data-e-type=\"container\" data-settings=\"{&quot;animation&quot;:&quot;fadeInUp&quot;,&quot;animation_delay&quot;:500}\">\n\t\t\t\t<\/div>\n\t\t<div class=\"elementor-element elementor-element-51bc9c6 e-con-full elementor-hidden-mobile e-flex e-con e-child\" data-id=\"51bc9c6\" data-element_type=\"container\" data-e-type=\"container\">\n\t\t\t\t<\/div>\n\t\t\t\t<\/div>\n\t\t\t\t<\/div>\n\t\t\t\t<\/div>\n\t\t\t\t<\/div>","protected":false},"excerpt":{"rendered":"<p>FORMULE ESCLUSIVE E VIRT\u00d9 NATURALI NATURA CHE INCONTRA AVANZATA TECNOLOGIA Secretum Gardae \u00e8 raffinata sintesi tra avanzata tecnologia cosmetica, materie prime d\u2019altissimo profilo e i \u201csegreti\u201d di un territorio da fiaba.Secretum Gardae \u00e8 prodotti inediti, che arricchiscono la beauty routine di efficacia e piacevolezza. Ogni creazione \u00e8 un\u2019opera d\u2019arte, che combina in modo sinergico e [&hellip;]<\/p>\n","protected":false},"author":2,"featured_media":0,"parent":0,"menu_order":0,"comment_status":"closed","ping_status":"closed","template":"elementor_header_footer","meta":{"_acf_changed":false,"footnotes":""},"class_list":["post-1331","page","type-page","status-publish","hentry"],"acf":[],"_links":{"self":[{"href":"https:\/\/www.secretumgardae.com\/en\/wp-json\/wp\/v2\/pages\/1331","targetHints":{"allow":["GET"]}}],"collection":[{"href":"https:\/\/www.secretumgardae.com\/en\/wp-json\/wp\/v2\/pages"}],"about":[{"href":"https:\/\/www.secretumgardae.com\/en\/wp-json\/wp\/v2\/types\/page"}],"author":[{"embeddable":true,"href":"https:\/\/www.secretumgardae.com\/en\/wp-json\/wp\/v2\/users\/2"}],"replies":[{"embeddable":true,"href":"https:\/\/www.secretumgardae.com\/en\/wp-json\/wp\/v2\/comments?post=1331"}],"version-history":[{"count":181,"href":"https:\/\/www.secretumgardae.com\/en\/wp-json\/wp\/v2\/pages\/1331\/revisions"}],"predecessor-version":[{"id":3509,"href":"https:\/\/www.secretumgardae.com\/en\/wp-json\/wp\/v2\/pages\/1331\/revisions\/3509"}],"wp:attachment":[{"href":"https:\/\/www.secretumgardae.com\/en\/wp-json\/wp\/v2\/media?parent=1331"}],"curies":[{"name":"wp","href":"https:\/\/api.w.org\/{rel}","templated":true}]}}