{"id":1034,"date":"2025-08-12T12:02:39","date_gmt":"2025-08-12T12:02:39","guid":{"rendered":"https:\/\/www.secretumgardae.com\/?post_type=product&#038;p=1034"},"modified":"2026-01-26T13:47:25","modified_gmt":"2026-01-26T13:47:25","slug":"vitalitas","status":"publish","type":"product","link":"https:\/\/www.secretumgardae.com\/en\/product\/vitalitas\/","title":{"rendered":"V\u012aT\u0100LIT\u0100S"},"content":{"rendered":"<p>Esclusiva formulazione basata su <strong>un innovativo peptide bioattivo<\/strong>. Favorisce il riequilibrio dell\u2019ecosistema cutaneo <strong>e svolge un\u2019azione preventiva antiage.<\/strong> Protegge\u00a0la pelle da allergeni, radicali liberi e sostanze inquinanti. Contribuisce\u00a0infine\u00a0a migliorare l\u2019<strong>idratazione<\/strong> e la <strong>compattezza cutanea. Ideale per tutti i tipi di pelle.<\/strong><\/p>","protected":false},"excerpt":{"rendered":"<p><strong>Siero Viso \u2013 Riequilibrante<\/strong><\/p>\n<p>con complesso postbiotico ed estratto di pesca<\/p>","protected":false},"featured_media":2974,"template":"","meta":{"_acf_changed":false},"product_brand":[],"product_cat":[19],"product_tag":[],"class_list":{"0":"post-1034","1":"product","2":"type-product","3":"status-publish","4":"has-post-thumbnail","6":"product_cat-senza-categoria","8":"first","9":"instock","10":"sale","11":"shipping-taxable","12":"purchasable","13":"product-type-simple"},"acf":[],"_links":{"self":[{"href":"https:\/\/www.secretumgardae.com\/en\/wp-json\/wp\/v2\/product\/1034","targetHints":{"allow":["GET"]}}],"collection":[{"href":"https:\/\/www.secretumgardae.com\/en\/wp-json\/wp\/v2\/product"}],"about":[{"href":"https:\/\/www.secretumgardae.com\/en\/wp-json\/wp\/v2\/types\/product"}],"wp:featuredmedia":[{"embeddable":true,"href":"https:\/\/www.secretumgardae.com\/en\/wp-json\/wp\/v2\/media\/2974"}],"wp:attachment":[{"href":"https:\/\/www.secretumgardae.com\/en\/wp-json\/wp\/v2\/media?parent=1034"}],"wp:term":[{"taxonomy":"product_brand","embeddable":true,"href":"https:\/\/www.secretumgardae.com\/en\/wp-json\/wp\/v2\/product_brand?post=1034"},{"taxonomy":"product_cat","embeddable":true,"href":"https:\/\/www.secretumgardae.com\/en\/wp-json\/wp\/v2\/product_cat?post=1034"},{"taxonomy":"product_tag","embeddable":true,"href":"https:\/\/www.secretumgardae.com\/en\/wp-json\/wp\/v2\/product_tag?post=1034"}],"curies":[{"name":"wp","href":"https:\/\/api.w.org\/{rel}","templated":true}]}}