{"id":265,"date":"2025-08-12T15:00:26","date_gmt":"2025-08-12T15:00:26","guid":{"rendered":"https:\/\/www.secretumgardae.com\/?post_type=product&#038;p=265"},"modified":"2026-01-26T13:42:15","modified_gmt":"2026-01-26T13:42:15","slug":"aqua-v","status":"publish","type":"product","link":"https:\/\/www.secretumgardae.com\/en\/product\/aqua-v\/","title":{"rendered":"\u0102QUA V"},"content":{"rendered":"<p>Formula ad elevata tecnologia cosmetica, <strong>restituisce la naturale idratazione della pelle<\/strong>, favorisce compattezza cutanea, interviene su rughe e segni d\u2019espressione <strong>con effetti filler e rimpolpante.<\/strong> Ideale per ogni tipo di pelle, \u00e8 specificatamente studiata per le aree viso, contorno occhi, contorno labbra e d\u00e9collet\u00e9.<\/p>","protected":false},"excerpt":{"rendered":"<p data-pm-slice=\"0 0 []\"><strong>Siero Viso \u2013 Idratante, levigante <\/strong>con acido ialuronico a 5 pesi molecolari e estratto di vite<\/p>","protected":false},"featured_media":2976,"template":"","meta":{"_acf_changed":false},"product_brand":[],"product_cat":[19],"product_tag":[],"class_list":{"0":"post-265","1":"product","2":"type-product","3":"status-publish","4":"has-post-thumbnail","6":"product_cat-senza-categoria","8":"first","9":"instock","10":"sale","11":"shipping-taxable","12":"purchasable","13":"product-type-simple"},"acf":[],"_links":{"self":[{"href":"https:\/\/www.secretumgardae.com\/en\/wp-json\/wp\/v2\/product\/265","targetHints":{"allow":["GET"]}}],"collection":[{"href":"https:\/\/www.secretumgardae.com\/en\/wp-json\/wp\/v2\/product"}],"about":[{"href":"https:\/\/www.secretumgardae.com\/en\/wp-json\/wp\/v2\/types\/product"}],"wp:featuredmedia":[{"embeddable":true,"href":"https:\/\/www.secretumgardae.com\/en\/wp-json\/wp\/v2\/media\/2976"}],"wp:attachment":[{"href":"https:\/\/www.secretumgardae.com\/en\/wp-json\/wp\/v2\/media?parent=265"}],"wp:term":[{"taxonomy":"product_brand","embeddable":true,"href":"https:\/\/www.secretumgardae.com\/en\/wp-json\/wp\/v2\/product_brand?post=265"},{"taxonomy":"product_cat","embeddable":true,"href":"https:\/\/www.secretumgardae.com\/en\/wp-json\/wp\/v2\/product_cat?post=265"},{"taxonomy":"product_tag","embeddable":true,"href":"https:\/\/www.secretumgardae.com\/en\/wp-json\/wp\/v2\/product_tag?post=265"}],"curies":[{"name":"wp","href":"https:\/\/api.w.org\/{rel}","templated":true}]}}